{"id":32,"date":"2019-12-19T12:18:06","date_gmt":"2019-12-19T12:18:06","guid":{"rendered":"https:\/\/neu.roesliwies.ch\/?page_id=32"},"modified":"2020-10-27T10:45:39","modified_gmt":"2020-10-27T10:45:39","slug":"kontakt","status":"publish","type":"page","link":"https:\/\/roesliwies.ch\/index.php\/kontakt\/","title":{"rendered":"Kontakt"},"content":{"rendered":"\n\t\t\t\t<a href=\"https:\/\/roesliwies.ch\/\" target=\"_self\" itemprop=\"url\" rel=\"noopener noreferrer\">\n\t\t\t\t<img loading=\"lazy\" decoding=\"async\" src=\"https:\/\/roesliwies.ch\/wp-content\/uploads\/2020\/01\/Logo-e1579509629426.png\" alt=\"Logo\" itemprop=\"image\" height=\"314\" width=\"700\" title=\"Logo\" onerror=\"this.style.display='none'\"  \/>\n\t\t\t\t<\/a>\n\t\t\t\t<img loading=\"lazy\" decoding=\"async\" src=\"https:\/\/roesliwies.ch\/wp-content\/uploads\/2020\/10\/2020-10-27-11_42_01-Posteingang-Aaron.Kaiser@gutenberg.li-Outlook.png\" alt=\"2020-10-27 11_42_01-Posteingang - Aaron.Kaiser@gutenberg.li - Outlook\" itemprop=\"image\" height=\"958\" width=\"718\" title=\"2020-10-27 11_42_01-Posteingang - Aaron.Kaiser@gutenberg.li - Outlook\" onerror=\"this.style.display='none'\"  \/>\n<h2>\n\t\tGASTGEBERIN CAROLINE\n\t<\/h2>\n\t<p>Mit viel Freude sehe ich, wie hier Gruppen zu einer Gemeinschaft zusammenwachsen und unvergessliche Feste gefeiert werden.<\/p>\n<p>Dabei stehe ich euch unkompliziert und verl\u00e4sslich zur Seite, denn&#8230;<\/p>\n<h2>\n\t\tEuer L\u00e4cheln ist mein Ziel!\n\t<\/h2>\n\t<h3>\n\t\t<\/h3>\n\t\n\t\t\n    \t\t<div class=\"caldera-grid\" id=\"caldera_form_1\" data-cf-ver=\"1.9.3\" data-cf-form-id=\"CF5e1f245e28ba0\"><div id=\"caldera_notices_1\" data-spinner=\"https:\/\/roesliwies.ch\/wp-admin\/images\/spinner.gif\"><\/div><form data-instance=\"1\" class=\"CF5e1f245e28ba0 caldera_forms_form cfajax-trigger\" method=\"POST\" enctype=\"multipart\/form-data\" id=\"CF5e1f245e28ba0_1\" data-form-id=\"CF5e1f245e28ba0\" aria-label=\"Kontaktformular G&auml;stehaus Roesliwies\" data-target=\"#caldera_notices_1\" data-template=\"#cfajax_CF5e1f245e28ba0-tmpl\" data-cfajax=\"CF5e1f245e28ba0\" data-load-element=\"_parent\" data-load-class=\"cf_processing\" data-post-disable=\"0\" data-action=\"cf_process_ajax_submit\" data-request=\"https:\/\/roesliwies.ch\/cf-api\/CF5e1f245e28ba0\" data-hiderows=\"true\">\r\n<input type=\"hidden\" id=\"_cf_verify_CF5e1f245e28ba0\" name=\"_cf_verify\" value=\"6d1579536f\"  data-nonce-time=\"1777038726\" \/><input type=\"hidden\" name=\"_wp_http_referer\" value=\"\/index.php\/wp-json\/wp\/v2\/pages\/32\" \/><div id=\"cf2-CF5e1f245e28ba0_1\"><\/div><input type=\"hidden\" name=\"_cf_frm_id\" value=\"CF5e1f245e28ba0\">\r\n<input type=\"hidden\" name=\"_cf_frm_ct\" value=\"1\">\r\n<input type=\"hidden\" name=\"cfajax\" value=\"CF5e1f245e28ba0\">\r\n<input type=\"hidden\" name=\"_cf_cr_pst\" value=\"32\">\r\n<div class=\"hide\" style=\"display:none; overflow:hidden;height:0;width:0;\">\r\n<label>Order Number<\/label><input type=\"text\" name=\"order_number\" value=\"\" autocomplete=\"off\">\r\n<\/div><div id=\"CF5e1f245e28ba0_1-row-1\"  class=\"row  first_row\"><div  class=\"col-sm-6  first_col\"><div data-field-wrapper=\"fld_185917\" class=\"form-group\" id=\"fld_185917_1-wrap\">\r\n\t<label id=\"fld_185917Label\" for=\"fld_185917_1\" class=\"control-label\">Vor- und Nachname <span aria-hidden=\"true\" role=\"presentation\" class=\"field_required\" style=\"color:#ee0000;\">*<\/span><\/label>\r\n\t<div class=\"\">\r\n\t\t<input   required type=\"text\" data-field=\"fld_185917\" class=\" form-control\" id=\"fld_185917_1\" name=\"fld_185917\" value=\"\" data-type=\"text\" aria-required=\"true\"   aria-labelledby=\"fld_185917Label\" >\t\t\t<\/div>\r\n<\/div>\r\n<div data-field-wrapper=\"fld_5637907\" class=\"form-group\" id=\"fld_5637907_1-wrap\">\r\n\t<label id=\"fld_5637907Label\" for=\"fld_5637907_1\" class=\"control-label\">Telefonnummer <span aria-hidden=\"true\" role=\"presentation\" class=\"field_required\" style=\"color:#ee0000;\">*<\/span><\/label>\r\n\t<div class=\"\">\r\n\t\t<input   required type=\"tel\" data-field=\"fld_5637907\" class=\" form-control\" id=\"fld_5637907_1\" name=\"fld_5637907\" value=\"\" data-type=\"phone_better\" aria-required=\"true\"   aria-labelledby=\"fld_5637907Label\" >\t\t\t<\/div>\r\n<\/div>\r\n<\/div><div  class=\"col-sm-6  last_col\"><div data-field-wrapper=\"fld_7900587\" class=\"form-group\" id=\"fld_7900587_1-wrap\">\r\n\t<label id=\"fld_7900587Label\" for=\"fld_7900587_1\" class=\"control-label\">E-Mail Adresse <span aria-hidden=\"true\" role=\"presentation\" class=\"field_required\" style=\"color:#ee0000;\">*<\/span><\/label>\r\n\t<div class=\"\">\r\n\t\t<input   required type=\"email\" data-field=\"fld_7900587\" class=\" form-control\" id=\"fld_7900587_1\" name=\"fld_7900587\" value=\"\" data-type=\"email\" aria-required=\"true\"   aria-labelledby=\"fld_7900587Label\" >\t\t\t<\/div>\r\n<\/div>\r\n<div data-field-wrapper=\"fld_2207241\" class=\"form-group\" id=\"fld_2207241_1-wrap\">\r\n\t<label id=\"fld_2207241Label\" for=\"fld_2207241_1\" class=\"control-label\">Adresse (Strasse & Nr) <span aria-hidden=\"true\" role=\"presentation\" class=\"field_required\" style=\"color:#ee0000;\">*<\/span><\/label>\r\n\t<div class=\"\">\r\n\t\t<input   required type=\"text\" data-field=\"fld_2207241\" class=\" form-control\" id=\"fld_2207241_1\" name=\"fld_2207241\" value=\"\" data-type=\"text\" aria-required=\"true\"   aria-labelledby=\"fld_2207241Label\" >\t\t\t<\/div>\r\n<\/div>\r\n<div data-field-wrapper=\"fld_5746494\" class=\"form-group\" id=\"fld_5746494_1-wrap\">\r\n\t<label id=\"fld_5746494Label\" for=\"fld_5746494_1\" class=\"control-label\">PLZ & Ort <span aria-hidden=\"true\" role=\"presentation\" class=\"field_required\" style=\"color:#ee0000;\">*<\/span><\/label>\r\n\t<div class=\"\">\r\n\t\t<input   required type=\"text\" data-field=\"fld_5746494\" class=\" form-control\" id=\"fld_5746494_1\" name=\"fld_5746494\" value=\"\" data-type=\"text\" aria-required=\"true\"   aria-labelledby=\"fld_5746494Label\" >\t\t\t<\/div>\r\n<\/div>\r\n<\/div><\/div><div id=\"CF5e1f245e28ba0_1-row-2\"  class=\"row \"><div  class=\"col-sm-6  first_col\"><div data-field-wrapper=\"fld_9356744\" class=\"form-group\" id=\"fld_9356744_1-wrap\">\r\n\t<label id=\"fld_9356744Label\" for=\"fld_9356744_1\" class=\"control-label\">Ankunftsdatum <span aria-hidden=\"true\" role=\"presentation\" class=\"field_required\" style=\"color:#ee0000;\">*<\/span><\/label>\r\n\t<div class=\"\">\r\n\t\t<input   required type=\"date\" data-field=\"fld_9356744\" class=\" form-control\" id=\"fld_9356744_1\" name=\"fld_9356744\" value=\"\" data-type=\"date\" aria-required=\"true\"   aria-labelledby=\"fld_9356744Label\" >\t\t\t<\/div>\r\n<\/div>\r\n<\/div><div  class=\"col-sm-6  last_col\"><div data-field-wrapper=\"fld_9099709\" class=\"form-group\" id=\"fld_9099709_1-wrap\">\r\n\t<label id=\"fld_9099709Label\" for=\"fld_9099709_1\" class=\"control-label\">Abreisedatum <span aria-hidden=\"true\" role=\"presentation\" class=\"field_required\" style=\"color:#ee0000;\">*<\/span><\/label>\r\n\t<div class=\"\">\r\n\t\t<input   required type=\"date\" data-field=\"fld_9099709\" class=\" form-control\" id=\"fld_9099709_1\" name=\"fld_9099709\" value=\"\" data-type=\"date\" aria-required=\"true\"   aria-labelledby=\"fld_9099709Label\" >\t\t\t<\/div>\r\n<\/div>\r\n<\/div><\/div><div id=\"CF5e1f245e28ba0_1-row-3\"  class=\"row \"><div  class=\"col-sm-6  first_col\"><div data-field-wrapper=\"fld_6496615\" class=\"form-group\" id=\"fld_6496615_1-wrap\">\r\n\t<label id=\"fld_6496615Label\" for=\"fld_6496615_1\" class=\"control-label\">Gruppengr\u00f6sse <span aria-hidden=\"true\" role=\"presentation\" class=\"field_required\" style=\"color:#ee0000;\">*<\/span><\/label>\r\n\t<div class=\"\">\r\n\t\t<input   required type=\"number\" data-field=\"fld_6496615\" class=\" form-control\" id=\"fld_6496615_1\" name=\"fld_6496615\" value=\"1\" data-type=\"number\" min=\"1\" max=\"90\" step=\"1\" data-parsley-type=\"number\" aria-required=\"true\"   aria-labelledby=\"fld_6496615Label\" >\t\t\t<\/div>\r\n<\/div>\r\n<\/div><div  class=\"col-sm-6  last_col\"><div data-field-wrapper=\"fld_969406\" class=\"form-group\" id=\"fld_969406_1-wrap\">\r\n\t<label id=\"fld_969406Label\" for=\"fld_969406_1\" class=\"control-label\">Verpflegungsart <span aria-hidden=\"true\" role=\"presentation\" class=\"field_required\" style=\"color:#ee0000;\">*<\/span><\/label>\r\n\t<div class=\"\">\r\n\t\t<input   required type=\"text\" data-field=\"fld_969406\" class=\" form-control\" id=\"fld_969406_1\" name=\"fld_969406\" value=\"\" data-type=\"text\" aria-required=\"true\"   aria-labelledby=\"fld_969406Label\" >\t\t\t<\/div>\r\n<\/div>\r\n<\/div><\/div><div id=\"CF5e1f245e28ba0_1-row-4\"  class=\"row  last_row\"><div  class=\"col-sm-12  single\"><div data-field-wrapper=\"fld_4089741\" class=\"form-group\" id=\"fld_4089741_1-wrap\">\r\n\t<label id=\"fld_4089741Label\" for=\"fld_4089741_1\" class=\"control-label\">Ihre Nachricht<\/label>\r\n\t<div class=\"\">\r\n\t\t<textarea name=\"fld_4089741\" value=\"\" data-field=\"fld_4089741\" class=\"form-control\" id=\"fld_4089741_1\" rows=\"4\"    aria-labelledby=\"fld_4089741Label\" ><\/textarea>\n\t\t\t<\/div>\r\n<\/div>\r\n<div data-field-wrapper=\"fld_7167496\" class=\"form-group\" id=\"fld_7167496_1-wrap\">\r\n<div class=\"\">\r\n\t<input  class=\"btn btn-default\" type=\"submit\" name=\"fld_7167496\" id=\"fld_7167496_1\" value=\"Absenden\" data-field=\"fld_7167496\"  >\n<\/div>\r\n<\/div>\r\n\t<input class=\"button_trigger_1\" type=\"hidden\" name=\"fld_7167496\" id=\"fld_7167496_1_btn\" value=\"\" data-field=\"fld_7167496\"  \/>\n<\/div><\/div><\/form>\r\n<\/div>\r\n\n\t<iframe src=\"https:\/\/www.google.com\/maps\/embed\/v1\/place?q=R%C3%B6sliwies%0A9658+Wildhaus&#038;key=AIzaSyD09zQ9PNDNNy9TadMuzRV_UsPUoWKntt8\" aria-hidden=\"true\"><\/iframe>\n<h2>\n\t\tKONTAKTIEREN SIE UNS\n\t<\/h2>\n\t<p>Caroline Wiswede<\/p>\nR\u00f6sliwiesstrasse 15<br \/>\n9658 Wildhaus\n+41 71 999 11 92<br \/>\ninfo@roesliwies.ch\n\t\t\t\t<img loading=\"lazy\" decoding=\"async\" src=\"https:\/\/roesliwies.ch\/wp-content\/uploads\/2020\/01\/Logo-e1579509629426.png\" alt=\"Logo\" itemprop=\"image\" height=\"314\" width=\"700\" title=\"Logo\" onerror=\"this.style.display='none'\"  \/>\n\t<p><a href=\"\/ausstattung\/\">AUSSTATTUNG<\/a><\/p>\n<p><a href=\"\/index.php\/winter\/\">WINTER<\/a> | <a href=\"\/index.php\/sommer\/\">SOMMER<\/a><\/p>\n<p><a href=\"https:\/\/toggenburg.org\/de\/home.html\" target=\"_blank\" rel=\"noopener noreferrer\">WEITERE AKTIVIT\u00c4TEN<\/a><\/p>\n\t<p><a href=\"\/index.php\/kontakt\/\">KONTAKT<\/a><\/p>\n<p><a href=\"\/index.php\/impressum\/\">IMPRESSUM<\/a><\/p>\n<p><a href=\"\/index.php\/datenschutzerklaerung\/\">DATENSCHUTZERKL\u00c4RUNG<\/a><\/p>\n","protected":false},"excerpt":{"rendered":"<p>GASTGEBERIN CAROLINE Mit viel Freude sehe ich, wie hier Gruppen zu einer Gemeinschaft zusammenwachsen und unvergessliche Feste gefeiert werden. Dabei stehe ich euch unkompliziert und verl\u00e4sslich zur Seite, denn&#8230; Euer L\u00e4cheln ist mein Ziel! KONTAKTIEREN SIE UNS Caroline Wiswede R\u00f6sliwiesstrasse 15 9658 Wildhaus +41 71 999 11 92 info@roesliwies.ch AUSSTATTUNG WINTER | SOMMER WEITERE AKTIVIT\u00c4TEN&hellip;<\/p>\n","protected":false},"author":2,"featured_media":0,"parent":0,"menu_order":0,"comment_status":"closed","ping_status":"closed","template":"","meta":{"footnotes":""},"class_list":["post-32","page","type-page","status-publish","hentry"],"_links":{"self":[{"href":"https:\/\/roesliwies.ch\/index.php\/wp-json\/wp\/v2\/pages\/32","targetHints":{"allow":["GET"]}}],"collection":[{"href":"https:\/\/roesliwies.ch\/index.php\/wp-json\/wp\/v2\/pages"}],"about":[{"href":"https:\/\/roesliwies.ch\/index.php\/wp-json\/wp\/v2\/types\/page"}],"author":[{"embeddable":true,"href":"https:\/\/roesliwies.ch\/index.php\/wp-json\/wp\/v2\/users\/2"}],"replies":[{"embeddable":true,"href":"https:\/\/roesliwies.ch\/index.php\/wp-json\/wp\/v2\/comments?post=32"}],"version-history":[{"count":25,"href":"https:\/\/roesliwies.ch\/index.php\/wp-json\/wp\/v2\/pages\/32\/revisions"}],"predecessor-version":[{"id":506,"href":"https:\/\/roesliwies.ch\/index.php\/wp-json\/wp\/v2\/pages\/32\/revisions\/506"}],"wp:attachment":[{"href":"https:\/\/roesliwies.ch\/index.php\/wp-json\/wp\/v2\/media?parent=32"}],"curies":[{"name":"wp","href":"https:\/\/api.w.org\/{rel}","templated":true}]}}