{"id":26,"date":"2019-12-19T12:16:43","date_gmt":"2019-12-19T12:16:43","guid":{"rendered":"https:\/\/neu.roesliwies.ch\/?page_id=26"},"modified":"2025-12-14T10:05:53","modified_gmt":"2025-12-14T10:05:53","slug":"winter","status":"publish","type":"page","link":"https:\/\/roesliwies.ch\/index.php\/winter\/","title":{"rendered":"Winter"},"content":{"rendered":"\n\n\t\t\t\t<a href=\"https:\/\/roesliwies.ch\/\" target=\"_self\" itemprop=\"url\">\n\t\t\t\t<img loading=\"lazy\" decoding=\"async\" src=\"https:\/\/roesliwies.ch\/wp-content\/uploads\/2020\/01\/Logo-e1579509629426.png\" alt=\"Logo\" itemprop=\"image\" height=\"314\" width=\"700\" title=\"Logo\" onerror=\"this.style.display='none'\"  \/>\n\t\t\t\t<\/a>\n<h2>\n\t\t<a href=\"https:\/\/toggenburg.org\/de\/home\/gaestekarte-obertoggenburg.html\" title=\"VERG\u00dcNSTIGUNG\" target=\"_blank\" rel=\"noopener\">\n\t\tVERG\u00dcNSTIGUNG\n\t\t<\/a>\n\t<\/h2>\n\t\t\t\t<img loading=\"lazy\" decoding=\"async\" src=\"https:\/\/roesliwies.ch\/wp-content\/uploads\/2025\/12\/Wildhaus-Hotel-Skipass_2025_26.jpg\" alt=\"Wildhaus-Hotel-Skipass_2025_26\" itemprop=\"image\" height=\"356\" width=\"266\" title=\"Wildhaus-Hotel-Skipass_2025_26\" onerror=\"this.style.display='none'\"  \/>\n<h2>\n\t\tWINTER\n\t<\/h2>\n\t<p>Im Winter f\u00e4hrt man quasi ab der Haust\u00fcre mit den Skiern zur Talstation. Das Wintersportgebiet h\u00e4lt 18 Bahnen bereit, die mehrheitlich k\u00fcnstlich beschneit werden k\u00f6nnen. Ausserdem gibt es eine Langlau\ufb02oipe, Kinderskilifte und einen Fun-Park f\u00fcr sprungge\u00fcbte Skifahrer und Snowboarder.<\/p>\n<p>Das Haus ist auch im Winter mit Auto und Kleinbussen gut zug\u00e4nglich, die Bushaltestelle f\u00fcr Cars ist nur 5 Gehminuten vom Haus entfernt. Eine tolle Abwechslung zum Skifahren bieten die Eissport\ufb02\u00e4che und das Curlingzentrum.<\/p>\n\t\t\t\t<img loading=\"lazy\" decoding=\"async\" src=\"https:\/\/roesliwies.ch\/wp-content\/uploads\/2020\/01\/Winterbild.jpg\" alt=\"Winterbild\" itemprop=\"image\" height=\"1200\" width=\"937\" title=\"Winterbild\" onerror=\"this.style.display='none'\"  \/>\n<h2>\n\t\tFREIZEITAKTIVIT\u00c4TEN\n\t<\/h2>\n\t\t\t\t<a href=\"https:\/\/wildhaus.ch\/de\/bergwinter\/skifahren-snowboarden.html\" target=\"_blank\" rel=\"noopener\"  itemprop=\"url\">\n\t\t\t\t<img loading=\"lazy\" decoding=\"async\" src=\"https:\/\/roesliwies.ch\/wp-content\/uploads\/2019\/12\/winter1.jpg\" alt=\"winter1\" itemprop=\"image\" height=\"564\" width=\"1200\" title=\"winter1\" onerror=\"this.style.display='none'\"  \/>\n\t\t\t\t<\/a>\n<h2>\n\t\t<a href=\"https:\/\/wildhaus.ch\/de\/bergwinter\/skifahren-snowboarden.html\" title=\"SKI &amp; SNOWBOARD\" target=\"_blank\" rel=\"noopener\">\n\t\tSKI &#038; SNOWBOARD\n\t\t<\/a>\n\t<\/h2>\n\t\t\t\t<a href=\"https:\/\/wildhaus.ch\/de\/bergwinter\/winterwandern.html\" target=\"_blank\" rel=\"noopener\"  itemprop=\"url\">\n\t\t\t\t<img loading=\"lazy\" decoding=\"async\" src=\"https:\/\/roesliwies.ch\/wp-content\/uploads\/2019\/12\/winter2.jpg\" alt=\"winter2\" itemprop=\"image\" height=\"857\" width=\"1200\" title=\"winter2\" onerror=\"this.style.display='none'\"  \/>\n\t\t\t\t<\/a>\n<h2>\n\t\t<a href=\"https:\/\/wildhaus.ch\/de\/bergwinter\/winterwandern.html\" title=\"WINTERWANDERN\" target=\"_blank\" rel=\"noopener\">\n\t\tWINTERWANDERN\n\t\t<\/a>\n\t<\/h2>\n\t\t\t\t<a href=\"https:\/\/ostschweiz.ch\/de\/map\/detail\/curling-schnupperkurs-7b307dbe-81b0-4553-9f9b-891a15ffb327.html\" target=\"_blank\" rel=\"noopener\"  itemprop=\"url\">\n\t\t\t\t<img loading=\"lazy\" decoding=\"async\" src=\"https:\/\/roesliwies.ch\/wp-content\/uploads\/2019\/12\/TOGGI_Eis2014_RUPA_289.jpg\" alt=\"TOGGI_Eis2014_RUPA_289\" itemprop=\"image\" height=\"800\" width=\"1200\" title=\"TOGGI_Eis2014_RUPA_289\" onerror=\"this.style.display='none'\"  \/>\n\t\t\t\t<\/a>\n<h2>\n\t\t<a href=\"https:\/\/ostschweiz.ch\/de\/map\/detail\/curling-schnupperkurs-7b307dbe-81b0-4553-9f9b-891a15ffb327.html\" title=\"CURLING\" target=\"_blank\" rel=\"noopener\">\n\t\tCURLING\n\t\t<\/a>\n\t<\/h2>\n\t\t\t\t<a href=\"https:\/\/wildhaus.ch\/de\/bergwinter\/schlitteln.html\" target=\"_blank\" rel=\"noopener\"  itemprop=\"url\">\n\t\t\t\t<img loading=\"lazy\" decoding=\"async\" src=\"https:\/\/roesliwies.ch\/wp-content\/uploads\/2019\/12\/TOGGI_GAMPLUET_jan17_RUPA_014.jpg\" alt=\"TOGGI_GAMPLUET_jan17_RUPA_014\" itemprop=\"image\" height=\"801\" width=\"1200\" title=\"TOGGI_GAMPLUET_jan17_RUPA_014\" onerror=\"this.style.display='none'\"  \/>\n\t\t\t\t<\/a>\n<h2>\n\t\t<a href=\"https:\/\/wildhaus.ch\/de\/bergwinter\/schlitteln.html\" title=\"SCHLITTELN\" target=\"_blank\" rel=\"noopener\">\n\t\tSCHLITTELN\n\t\t<\/a>\n\t<\/h2>\n<h2>\n\t\tERFAHRE MEHR \u00dcBER DIE TOGGENBRUGER WINTERAKTIVIT\u00c4TEN\n\t<\/h2>\n\t\t\t<a href=\"https:\/\/toggenburg.org\/de\/erleben\/winter.html\" target=\"_blank\" rel=\"noopener\">\n\t\t\t\t\t\t\tKLICKE HIER\n\t\t\t\t\t<\/a>\n\t\t\t\t<img loading=\"lazy\" decoding=\"async\" src=\"https:\/\/roesliwies.ch\/wp-content\/uploads\/2020\/01\/Logo-e1579509629426.png\" alt=\"Logo\" itemprop=\"image\" height=\"314\" width=\"700\" title=\"Logo\" onerror=\"this.style.display='none'\"  \/>\n\n","protected":false},"excerpt":{"rendered":"<p>VERG\u00dcNSTIGUNG WINTER Im Winter f\u00e4hrt man quasi ab der Haust\u00fcre mit den Skiern zur Talstation. Das Wintersportgebiet h\u00e4lt 18 Bahnen bereit, die mehrheitlich k\u00fcnstlich beschneit werden k\u00f6nnen. Ausserdem gibt es eine Langlau\ufb02oipe, Kinderskilifte und einen Fun-Park f\u00fcr sprungge\u00fcbte Skifahrer und Snowboarder. Das Haus ist auch im Winter mit Auto und Kleinbussen gut zug\u00e4nglich, die Bushaltestelle&hellip;<\/p>\n","protected":false},"author":2,"featured_media":0,"parent":0,"menu_order":0,"comment_status":"closed","ping_status":"closed","template":"","meta":{"footnotes":""},"class_list":["post-26","page","type-page","status-publish","hentry"],"_links":{"self":[{"href":"https:\/\/roesliwies.ch\/index.php\/wp-json\/wp\/v2\/pages\/26","targetHints":{"allow":["GET"]}}],"collection":[{"href":"https:\/\/roesliwies.ch\/index.php\/wp-json\/wp\/v2\/pages"}],"about":[{"href":"https:\/\/roesliwies.ch\/index.php\/wp-json\/wp\/v2\/types\/page"}],"author":[{"embeddable":true,"href":"https:\/\/roesliwies.ch\/index.php\/wp-json\/wp\/v2\/users\/2"}],"replies":[{"embeddable":true,"href":"https:\/\/roesliwies.ch\/index.php\/wp-json\/wp\/v2\/comments?post=26"}],"version-history":[{"count":32,"href":"https:\/\/roesliwies.ch\/index.php\/wp-json\/wp\/v2\/pages\/26\/revisions"}],"predecessor-version":[{"id":563,"href":"https:\/\/roesliwies.ch\/index.php\/wp-json\/wp\/v2\/pages\/26\/revisions\/563"}],"wp:attachment":[{"href":"https:\/\/roesliwies.ch\/index.php\/wp-json\/wp\/v2\/media?parent=26"}],"curies":[{"name":"wp","href":"https:\/\/api.w.org\/{rel}","templated":true}]}}