{"id":22,"date":"2019-12-19T12:15:56","date_gmt":"2019-12-19T12:15:56","guid":{"rendered":"https:\/\/neu.roesliwies.ch\/?page_id=22"},"modified":"2024-11-11T18:59:00","modified_gmt":"2024-11-11T18:59:00","slug":"startseite","status":"publish","type":"page","link":"https:\/\/roesliwies.ch\/","title":{"rendered":"Startseite"},"content":{"rendered":"\n\n\t\t\t\t<a href=\"https:\/\/roesliwies.ch\/\" target=\"_self\" itemprop=\"url\" rel=\"noopener\">\n\t\t\t\t<img loading=\"lazy\" decoding=\"async\" src=\"https:\/\/roesliwies.ch\/wp-content\/uploads\/2020\/01\/Logo-e1579509629426.png\" alt=\"Logo\" itemprop=\"image\" height=\"314\" width=\"700\" title=\"Logo\" onerror=\"this.style.display='none'\"  \/>\n\t\t\t\t<\/a>\n\t\t\t<img decoding=\"async\" loading='false' src=\"https:\/\/roesliwies.ch\/wp-content\/uploads\/2020\/01\/Bild-3.jpg\" alt=\"\" \/>\t\t\t\n\t\t\t<img decoding=\"async\" loading='false' src=\"https:\/\/roesliwies.ch\/wp-content\/uploads\/2020\/10\/200923-roesliwies_004-2.jpg\" alt=\"\" \/>\t\t\t\n\t\t\t<img decoding=\"async\" loading='false' src=\"https:\/\/roesliwies.ch\/wp-content\/uploads\/2020\/01\/Bild-2.jpg\" alt=\"\" \/>\t\t\t\n\t\t\t<img decoding=\"async\" loading='false' src=\"https:\/\/roesliwies.ch\/wp-content\/uploads\/2020\/01\/Bild-4.jpg\" alt=\"\" \/>\t\t\t\n\t\t\t<img decoding=\"async\" loading='false' src=\"https:\/\/roesliwies.ch\/wp-content\/uploads\/2020\/01\/Bild-5.jpg\" alt=\"\" \/>\t\t\t\n<h2>\n\t\tG\u00c4STEBUCH\n\t<\/h2>\n<h2>\n\t\tBELEGUNGSPLAN\n\t<\/h2>\n\t<iframe loading=\"lazy\" src=\"https:\/\/www.groups.swiss\/de\/leisure\/Rosliwies-Wildhaus-11975\/widget\" frameborder=\"0\" width=\"900\" height=\"600\"><\/iframe>\n\t<h3>Unsere Ausstattung<\/h3><p>Das Haus besitzt viele gem\u00fctliche Wohneinheiten, liebevoll eingerichtete Aufenthaltsr\u00e4ume und eine voll ausgestattete Gastrok\u00fcche.<\/p>\n<p><a href=\"\/index.php\/ausstattung\/\">WEITERLESEN<\/a><\/p>\n\t<h3>Im Winter<\/h3><p>Im Winter erwartet Sie eine Langlau\ufb02oipe, viele Kinderskilifte, einen Fun-Park, eine Eissport\ufb02\u00e4che, und noch vieles mehr.<\/p>\n<p><a href=\"\/index.php\/winter\/\">WEITERLESEN<\/a><\/p>\n\t<h3>Im Sommer<\/h3><p>Im Sommer sind unsere G\u00e4ste am liebsten in unserem Garten. Ebenso gibt es viele Wanderwege, Badeseen und die verschiedensten Sportpl\u00e4tze.<\/p>\n<p><a href=\"\/index.php\/sommer\/\">WEITERLESEN<\/a><\/p>\n\t<h3>Kontaktiere uns<\/h3>F\u00fcr weitere Fragen kontaktieren Sie uns einfach &#8211; wir stehen f\u00fcr Sie gerne jederzeit zur Verf\u00fcgung.<br \/>\nWir freuen uns!\n<p><a href=\"\/index.php\/kontakt\/\">WEITERLESEN<\/a><\/p>\n<h2>\n\t\tGRUPPENUNTERKUNFT\n\t<\/h2>\n<h2>\n\t\tBIS ZU 90 PERSONEN F\u00dcR:\n\t<\/h2>\n\t\t<ul>\n\t\t\t\t\t<li>\n\t\t\t\t\n\t\t<p>Einen Firmenausflug<\/p>\t\t\t\n\t\t\t<\/li>\n\t\t\t\t\t<li>\n\t\t\t\t\n\t\t<p>Ihren runden Geburtstag<\/p>\t\t\t\n\t\t\t<\/li>\n\t\t\t\t\t<li>\n\t\t\t\t\n\t\t<p>Das n\u00e4chste Klassenlager<\/p>\t\t\t\n\t\t\t<\/li>\n\t\t\t\t\t<li>\n\t\t\t\t\n\t\t<p>Ein Kirchgemeindeweekend<\/p>\t\t\t\n\t\t\t<\/li>\n\t\t\t\t<\/ul>\n\t\t<ul>\n\t\t\t\t\t<li>\n\t\t\t\t\n\t\t<p>Das n\u00e4chste Sommerlager<\/p>\t\t\t\n\t\t\t<\/li>\n\t\t\t\t\t<li>\n\t\t\t\t\n\t\t<p>Ein Familientreffen<\/p>\t\t\t\n\t\t\t<\/li>\n\t\t\t\t\t<li>\n\t\t\t\t\n\t\t<p>Ihren Vereinsausflug<\/p>\t\t\t\n\t\t\t<\/li>\n\t\t\t\t\t<li>\n\t\t\t\t\n\t\t<p>Das n\u00e4chste Skilager<\/p>\t\t\t\n\t\t\t<\/li>\n\t\t\t\t<\/ul>\n\t\t\t\t<img loading=\"lazy\" decoding=\"async\" src=\"https:\/\/roesliwies.ch\/wp-content\/uploads\/2020\/01\/Caroline_png.png\" alt=\"Caroline_png\" itemprop=\"image\" height=\"800\" width=\"620\" title=\"Caroline_png\" onerror=\"this.style.display='none'\"  \/>\n\t\t\t\t<img loading=\"lazy\" decoding=\"async\" src=\"https:\/\/roesliwies.ch\/wp-content\/uploads\/2020\/01\/Logo-e1579509629426.png\" alt=\"Logo\" itemprop=\"image\" height=\"314\" width=\"700\" title=\"Logo\" onerror=\"this.style.display='none'\"  \/>\n\n","protected":false},"excerpt":{"rendered":"<p>G\u00c4STEBUCH BELEGUNGSPLAN Unsere Ausstattung Das Haus besitzt viele gem\u00fctliche Wohneinheiten, liebevoll eingerichtete Aufenthaltsr\u00e4ume und eine voll ausgestattete Gastrok\u00fcche. WEITERLESEN Im Winter Im Winter erwartet Sie eine Langlau\ufb02oipe, viele Kinderskilifte, einen Fun-Park, eine Eissport\ufb02\u00e4che, und noch vieles mehr. WEITERLESEN Im Sommer Im Sommer sind unsere G\u00e4ste am liebsten in unserem Garten. Ebenso gibt es viele Wanderwege,&hellip;<\/p>\n","protected":false},"author":2,"featured_media":0,"parent":0,"menu_order":0,"comment_status":"closed","ping_status":"closed","template":"","meta":{"footnotes":""},"class_list":["post-22","page","type-page","status-publish","hentry"],"_links":{"self":[{"href":"https:\/\/roesliwies.ch\/index.php\/wp-json\/wp\/v2\/pages\/22","targetHints":{"allow":["GET"]}}],"collection":[{"href":"https:\/\/roesliwies.ch\/index.php\/wp-json\/wp\/v2\/pages"}],"about":[{"href":"https:\/\/roesliwies.ch\/index.php\/wp-json\/wp\/v2\/types\/page"}],"author":[{"embeddable":true,"href":"https:\/\/roesliwies.ch\/index.php\/wp-json\/wp\/v2\/users\/2"}],"replies":[{"embeddable":true,"href":"https:\/\/roesliwies.ch\/index.php\/wp-json\/wp\/v2\/comments?post=22"}],"version-history":[{"count":80,"href":"https:\/\/roesliwies.ch\/index.php\/wp-json\/wp\/v2\/pages\/22\/revisions"}],"predecessor-version":[{"id":517,"href":"https:\/\/roesliwies.ch\/index.php\/wp-json\/wp\/v2\/pages\/22\/revisions\/517"}],"wp:attachment":[{"href":"https:\/\/roesliwies.ch\/index.php\/wp-json\/wp\/v2\/media?parent=22"}],"curies":[{"name":"wp","href":"https:\/\/api.w.org\/{rel}","templated":true}]}}